{"id":2322,"date":"2024-12-03T18:36:05","date_gmt":"2024-12-03T17:36:05","guid":{"rendered":"https:\/\/mkpfeffersberg.it\/impressum\/"},"modified":"2025-02-12T13:43:26","modified_gmt":"2025-02-12T12:43:26","slug":"impronta","status":"publish","type":"page","link":"https:\/\/mkpfeffersberg.it\/it\/impronta\/","title":{"rendered":"Impronta"},"content":{"rendered":"<p><div class=\"fusion-fullwidth fullwidth-box fusion-builder-row-1 fusion-flex-container nonhundred-percent-fullwidth non-hundred-percent-height-scrolling\" style=\"--awb-background-position:left top;--awb-border-sizes-top:0px;--awb-border-sizes-bottom:0px;--awb-border-sizes-left:0px;--awb-border-sizes-right:0px;--awb-border-radius-top-left:0px;--awb-border-radius-top-right:0px;--awb-border-radius-bottom-right:0px;--awb-border-radius-bottom-left:0px;--awb-padding-top:60px;--awb-padding-right:80px;--awb-padding-bottom:60px;--awb-padding-left:80px;--awb-padding-bottom-medium:26px;--awb-padding-top-small:25px;--awb-padding-right-small:0px;--awb-padding-bottom-small:15px;--awb-padding-left-small:0px;--awb-background-color:var(--awb-color2);--awb-flex-wrap:wrap;\" ><div class=\"fusion-builder-row fusion-row fusion-flex-align-items-stretch fusion-flex-content-wrap\" style=\"max-width:93.6%;margin-left: calc(-4% \/ 2 );margin-right: calc(-4% \/ 2 );\"><div class=\"fusion-layout-column fusion_builder_column fusion-builder-column-0 fusion_builder_column_1_1 1_1 fusion-flex-column\" style=\"--awb-padding-top:0px;--awb-bg-blend:overlay;--awb-bg-size:cover;--awb-width-large:100%;--awb-margin-top-large:0px;--awb-spacing-right-large:2.88%;--awb-margin-bottom-large:0px;--awb-spacing-left-large:1.92%;--awb-width-medium:100%;--awb-spacing-right-medium:1.92%;--awb-spacing-left-medium:1.92%;--awb-width-small:100%;--awb-spacing-right-small:1.92%;--awb-spacing-left-small:1.92%;\"><div class=\"fusion-column-wrapper fusion-flex-justify-content-flex-start fusion-content-layout-column\"><div class=\"fusion-title title fusion-title-1 fusion-sep-none fusion-title-text fusion-title-size-one\" style=\"--awb-font-size:var(--awb-typography1-font-size);\"><h1 class=\"fusion-title-heading title-heading-left fusion-responsive-typography-calculated\" style=\"font-family:var(--awb-typography1-font-family);font-weight:var(--awb-typography1-font-weight);font-style:var(--awb-typography1-font-style);margin:0;letter-spacing:var(--awb-typography1-letter-spacing);text-transform:var(--awb-typography1-text-transform);font-size:1em;--fontSize:80;line-height:var(--awb-typography1-line-height);\">Impronta<\/h1><\/div><\/div><\/div><\/div><\/div><div class=\"fusion-fullwidth fullwidth-box fusion-builder-row-2 fusion-flex-container has-pattern-background has-mask-background hundred-percent-fullwidth non-hundred-percent-height-scrolling\" style=\"--awb-background-position:left top;--awb-border-sizes-top:0px;--awb-border-sizes-bottom:0px;--awb-border-sizes-left:0px;--awb-border-sizes-right:0px;--awb-border-radius-top-left:0px;--awb-border-radius-top-right:0px;--awb-border-radius-bottom-right:0px;--awb-border-radius-bottom-left:0px;--awb-padding-top:0px;--awb-padding-right:0px;--awb-padding-bottom:60px;--awb-padding-left:80px;--awb-padding-left-medium:0px;--awb-padding-left-small:0px;--awb-margin-bottom:0px;--awb-background-image:linear-gradient(180deg, var(--awb-color1) 0%,var(--awb-color2) 100%);--awb-flex-wrap:wrap;\" ><div class=\"fusion-builder-row fusion-row fusion-flex-align-items-flex-start fusion-flex-content-wrap\" style=\"width:104% !important;max-width:104% !important;margin-left: calc(-4% \/ 2 );margin-right: calc(-4% \/ 2 );\"><div class=\"fusion-layout-column fusion_builder_column fusion-builder-column-1 fusion_builder_column_2_3 2_3 fusion-flex-column\" style=\"--awb-padding-bottom:37px;--awb-padding-left:75px;--awb-padding-left-medium:0px;--awb-padding-left-small:0px;--awb-bg-blend:overlay;--awb-bg-size:cover;--awb-width-large:66.6666666667%;--awb-margin-top-large:0px;--awb-spacing-right-large:2.88%;--awb-margin-bottom-large:0px;--awb-spacing-left-large:2.88%;--awb-width-medium:100%;--awb-order-medium:0;--awb-spacing-right-medium:1.92%;--awb-spacing-left-medium:1.92%;--awb-width-small:100%;--awb-order-small:0;--awb-spacing-right-small:1.92%;--awb-spacing-left-small:0px;\" data-scroll-devices=\"small-visibility,medium-visibility,large-visibility\"><div class=\"fusion-column-wrapper fusion-column-has-shadow fusion-flex-justify-content-flex-start fusion-content-layout-column\"><div class=\"fusion-text fusion-text-1 fusion-text-no-margin\" style=\"--awb-content-alignment:left;--awb-margin-right:20px;--awb-margin-left:25px;\"><h3>Cliente e responsabile di tutti i contenuti<\/h3>\n<p>Banda musicale Peter Mayr Pfeffersberg<br \/>\nPercorso scolastico 13<br \/>\n39042 Bressanone (BZ) &#8211; Italia<br \/>\nRappresentante legale: Presidente Stockner Markus<br \/>\nCodice fiscale: 81030010219<br \/>\nTelefono: +39 329 4057758<br \/>\nE-mail: <a href=\"mailto:info@mkpfeffersberg.it\">info@mkpfeffersberg.it<\/a><\/p>\n<h3>Fonte dell&#8217;immagine, se non diversamente specificato:<\/h3>\n<p>MK Pfeffersberg<\/p>\n<h3>Ideazione, web design e realizzazione<\/h3>\n<p>gunSOFT<br \/>\nVia Vittorio Veneto 67<br \/>\nI-39042 Bressanone<br \/>\ntel:<br \/>\n<a href=\"tel:+393480039975\">+39 348 0039975<\/a><br \/>\n<a href=\"mailto:info@gunsoft.it\">info@gunsoft.it<\/a><br \/>\n<a href=\"https:\/\/www.gunsoft.it\/it\/\" target=\"_blank\" rel=\"noopener noreferrer\">www.gunsoft.it<\/a><\/p>\n<h3>Utilizzo del sito web<\/h3>\n<p>Musikkapelle Peter Mayr Pfeffersberg ti autorizza a visualizzare e scaricare il contenuto di questo sito web solo per uso privato e non commerciale, a condizione che qualsiasi copia del contenuto contenga un riferimento a tutti i diritti d&#8217;autore e altri diritti di propriet\u00e0 del contenuto originale. Il contenuto di questo sito web non pu\u00f2 essere modificato in alcun modo o riprodotto o mostrato pubblicamente, eseguito, distribuito o altrimenti utilizzato per scopi ufficiali o commerciali senza il consenso del proprietario. Ai fini dei presenti termini e condizioni, \u00e8 vietato l&#8217;utilizzo del contenuto di questo sito web su qualsiasi altro sito web o in un ambiente di rete. Il contenuto di questo sito web \u00e8 protetto da copyright. Qualsiasi uso non autorizzato dei contenuti di questo sito web pu\u00f2 violare il diritto d&#8217;autore, i marchi di fabbrica o altre norme legali.<\/p>\n<h3>Link ad altri siti web<\/h3>\n<p>I link contenuti in questo sito web a siti web di altre aziende sono forniti esclusivamente per comodit\u00e0 dell&#8217;utente. Se utilizzi tale link, lascerai il sito web della Musikkapelle Peter Mayr Pfeffersberg. Il gruppo non si assume alcuna responsabilit\u00e0 per questi siti web e per il loro contenuto. L&#8217;accesso a un sito web di un&#8217;altra azienda tramite un link presente su questo sito web \u00e8 di esclusiva responsabilit\u00e0 dell&#8217;utente.<\/p>\n<h3>Periodo di garanzia<\/h3>\n<p>IL CONTENUTO DI QUESTO SITO WEB \u00c8 FORNITO &#8220;COS\u00cc COM&#8217;\u00c8&#8221; SENZA ALCUN TIPO DI GARANZIA, INCLUSE LE GARANZIE DI COMMERCIABILIT\u00c0, IDONEIT\u00c0 PER UNO SCOPO PARTICOLARE O NON VIOLAZIONE DEI DIRITTI DI PROPRIET\u00c0 INTELLETTUALE. Inoltre, non viene fornita alcuna garanzia in merito all&#8217;accuratezza e alla completezza dei contenuti di questo sito web.<\/p>\n<h3>Limitazione di responsabilit\u00e0<\/h3>\n<p>LA MUSIKKAPELLE PETER MAYR PFEFFERSBERG NON SAR\u00c0 RESPONSABILE PER DANNI DI QUALSIASI TIPO (INCLUSI, SENZA LIMITAZIONI, DANNI PER PERDITA DI PROFITTI, PERDITA DI DATI O PERDITA DI AFFARI) DERIVANTI DALL&#8217;USO, DALL&#8217;IMPOSSIBILIT\u00c0 DI USARE O DAI RISULTATI DELL&#8217;USO DI QUESTO SITO WEB, DI QUALSIASI SITO WEB A CUI SI ACCEDE TRAMITE LINK SU QUESTO SITO WEB O DEL CONTENUTO DI UNO O TUTTI QUESTI SITI WEB. CI\u00d2 VALE A PRESCINDERE DAL FATTO CHE IL PROBLEMA SORGA IN BASE ALLA GARANZIA, AL CONTRATTO, ALL&#8217;ILLECITO O A QUALSIASI ALTRA TEORIA LEGALE E INDIPENDENTEMENTE DAL FATTO CHE L&#8217;UTENTE FOSSE A CONOSCENZA DELLA POSSIBILIT\u00c0 DI TALI DANNI. SE L&#8217;USO DEL CONTENUTO DI QUESTO SITO WEB COMPORTA LA NECESSIT\u00c0 DI ASSISTENZA, RIPARAZIONE O CORREZIONE DI APPARECCHIATURE O DATI, TUTTI I COSTI SONO A CARICO DELL&#8217;UTENTE.<\/p>\n<h3>Validit\u00e0 legale<\/h3>\n<p>Se parti o singole formulazioni del testo qui pubblicato non sono, non sono pi\u00f9 o non sono completamente conformi alle disposizioni di legge applicabili, ci\u00f2 non pregiudica la validit\u00e0 del testo rimanente. Eventuali controversie saranno risolte presso il nostro foro competente.<\/p>\n<\/div><\/div><\/div><div class=\"fusion-layout-column fusion_builder_column fusion-builder-column-2 fusion_builder_column_1_1 1_1 fusion-flex-column\" style=\"--awb-padding-right:50px;--awb-padding-left:75px;--awb-padding-left-medium:0px;--awb-padding-right-small:0px;--awb-padding-left-small:0px;--awb-bg-blend:overlay;--awb-bg-size:cover;--awb-width-large:100%;--awb-margin-top-large:0px;--awb-spacing-right-large:1.92%;--awb-margin-bottom-large:0px;--awb-spacing-left-large:1.92%;--awb-width-medium:100%;--awb-order-medium:0;--awb-spacing-right-medium:1.92%;--awb-spacing-left-medium:1.92%;--awb-width-small:100%;--awb-order-small:0;--awb-spacing-right-small:1.92%;--awb-spacing-left-small:1.92%;\" data-scroll-devices=\"small-visibility,medium-visibility,large-visibility\"><div class=\"fusion-column-wrapper fusion-column-has-shadow fusion-flex-justify-content-flex-start fusion-content-layout-column\"><div class=\"fusion-text fusion-text-2\" style=\"--awb-content-alignment:left;--awb-margin-right:20px;--awb-margin-left:25px;\"><h3 style=\"line-height: 1em;\">Elenco dei contributi ricevuti in ottemperanza all&#8217;obbligo di trasparenza per le associazioni, ai sensi dell&#8217;articolo 1, commi 125-129 della Legge del 4 agosto 2017, n. 124<\/h3>\n<table width=\"100%\">\n<tbody>\n<tr>\n<td><strong>Ricevitore<\/strong><\/td>\n<td><strong>Codice fiscale.<\/strong><\/td>\n<td><strong>Collaboratore<\/strong><\/td>\n<td><strong>Importo<\/strong><\/td>\n<td><strong>ricevuto il<\/strong><\/td>\n<td><strong>Motivo<\/strong><\/td>\n<\/tr>\n<tr>\n<td>Banda musicale Peter Mayr Pfeffersberg<\/td>\n<td>81030010219<\/td>\n<td>Provincia Autonoma di Bolzano Ufficio Cultura<\/td>\n<td>11.680,00\u20ac<\/td>\n<td>09.05.2017<\/td>\n<td>Contributo agli investimenti culturali<\/td>\n<\/tr>\n<tr>\n<td>Banda musicale Peter Mayr Pfeffersberg<\/td>\n<td>81030010219<\/td>\n<td>Comune di Bressanone<\/td>\n<td>3.300,00\u20ac<\/td>\n<td>18.03.2017<\/td>\n<td>Contributo alle attivit\u00e0 culturali<\/td>\n<\/tr>\n<tr>\n<td>Banda musicale Peter Mayr Pfeffersberg<\/td>\n<td>81030010219<\/td>\n<td>Provincia Autonoma di Bolzano Ufficio Cultura<\/td>\n<td>21.000,00\u20ac<\/td>\n<td>11.03.2019<\/td>\n<td>Contributo agli investimenti culturali<\/td>\n<\/tr>\n<tr>\n<td>Banda musicale Peter Mayr Pfeffersberg<\/td>\n<td>81030010219<\/td>\n<td>Comune di Bressanone<\/td>\n<td>3.300,00\u20ac<\/td>\n<td>14.03.2019<\/td>\n<td>Contributo alle attivit\u00e0 culturali<\/td>\n<\/tr>\n<tr>\n<td>Banda musicale Peter Mayr Pfeffersberg<\/td>\n<td>81030010219<\/td>\n<td>Provincia Autonoma di Bolzano Ufficio Cultura<\/td>\n<td>9.288,64\u20ac<\/td>\n<td>09.04.2021<\/td>\n<td>Contributo agli investimenti culturali<\/td>\n<\/tr>\n<tr>\n<td>Banda musicale Peter Mayr Pfeffersberg<\/td>\n<td>81030010219<\/td>\n<td>Comune di Bressanone<\/td>\n<td>3.300,00\u20ac<\/td>\n<td>18.02.2021<\/td>\n<td>Contributo alle attivit\u00e0 culturali<\/td>\n<\/tr>\n<\/tbody>\n<\/table>\n<\/div><\/div><\/div><\/div><\/div><\/p>\n","protected":false},"excerpt":{"rendered":"","protected":false},"author":1,"featured_media":0,"parent":0,"menu_order":0,"comment_status":"closed","ping_status":"closed","template":"100-width.php","meta":{"iawp_total_views":3,"footnotes":""},"class_list":["post-2322","page","type-page","status-publish","hentry"],"yoast_head":"<!-- This site is optimized with the Yoast SEO plugin v26.9 - https:\/\/yoast.com\/product\/yoast-seo-wordpress\/ -->\n<title>Impronta - Musikkapelle Peter Mayr Pfeffersberg<\/title>\n<meta name=\"robots\" content=\"index, follow, max-snippet:-1, max-image-preview:large, max-video-preview:-1\" \/>\n<link rel=\"canonical\" href=\"https:\/\/mkpfeffersberg.it\/it\/impronta\/\" \/>\n<meta property=\"og:locale\" content=\"it_IT\" \/>\n<meta property=\"og:type\" content=\"article\" \/>\n<meta property=\"og:title\" content=\"Impronta - Musikkapelle Peter Mayr Pfeffersberg\" \/>\n<meta property=\"og:url\" content=\"https:\/\/mkpfeffersberg.it\/it\/impronta\/\" \/>\n<meta property=\"og:site_name\" content=\"Musikkapelle Peter Mayr Pfeffersberg\" \/>\n<meta property=\"article:publisher\" content=\"https:\/\/www.facebook.com\/MusikkapellePeterMayrPfeffersberg\/\" \/>\n<meta property=\"article:modified_time\" content=\"2025-02-12T12:43:26+00:00\" \/>\n<meta name=\"twitter:card\" content=\"summary_large_image\" \/>\n<meta name=\"twitter:label1\" content=\"Tempo di lettura stimato\" \/>\n\t<meta name=\"twitter:data1\" content=\"4 minuti\" \/>\n<script type=\"application\/ld+json\" class=\"yoast-schema-graph\">{\"@context\":\"https:\/\/schema.org\",\"@graph\":[{\"@type\":\"WebPage\",\"@id\":\"https:\/\/mkpfeffersberg.it\/it\/impronta\/\",\"url\":\"https:\/\/mkpfeffersberg.it\/it\/impronta\/\",\"name\":\"Impronta - Musikkapelle Peter Mayr Pfeffersberg\",\"isPartOf\":{\"@id\":\"https:\/\/mkpfeffersberg.it\/it\/#website\"},\"datePublished\":\"2024-12-03T17:36:05+00:00\",\"dateModified\":\"2025-02-12T12:43:26+00:00\",\"breadcrumb\":{\"@id\":\"https:\/\/mkpfeffersberg.it\/it\/impronta\/#breadcrumb\"},\"inLanguage\":\"it-IT\",\"potentialAction\":[{\"@type\":\"ReadAction\",\"target\":[\"https:\/\/mkpfeffersberg.it\/it\/impronta\/\"]}]},{\"@type\":\"BreadcrumbList\",\"@id\":\"https:\/\/mkpfeffersberg.it\/it\/impronta\/#breadcrumb\",\"itemListElement\":[{\"@type\":\"ListItem\",\"position\":1,\"name\":\"Startseite\",\"item\":\"https:\/\/mkpfeffersberg.it\/it\/banda-musicale-peter-mayr-pfeffersberg\/\"},{\"@type\":\"ListItem\",\"position\":2,\"name\":\"Impronta\"}]},{\"@type\":\"WebSite\",\"@id\":\"https:\/\/mkpfeffersberg.it\/it\/#website\",\"url\":\"https:\/\/mkpfeffersberg.it\/it\/\",\"name\":\"Musikkapelle Peter Mayr Pfeffersberg\",\"description\":\"\",\"publisher\":{\"@id\":\"https:\/\/mkpfeffersberg.it\/it\/#organization\"},\"potentialAction\":[{\"@type\":\"SearchAction\",\"target\":{\"@type\":\"EntryPoint\",\"urlTemplate\":\"https:\/\/mkpfeffersberg.it\/it\/?s={search_term_string}\"},\"query-input\":{\"@type\":\"PropertyValueSpecification\",\"valueRequired\":true,\"valueName\":\"search_term_string\"}}],\"inLanguage\":\"it-IT\"},{\"@type\":\"Organization\",\"@id\":\"https:\/\/mkpfeffersberg.it\/it\/#organization\",\"name\":\"Musikkapelle Peter Mayr Pfeffersberg\",\"url\":\"https:\/\/mkpfeffersberg.it\/it\/\",\"logo\":{\"@type\":\"ImageObject\",\"inLanguage\":\"it-IT\",\"@id\":\"https:\/\/mkpfeffersberg.it\/it\/#\/schema\/logo\/image\/\",\"url\":\"https:\/\/mkpfeffersberg.it\/wp-content\/uploads\/2024\/10\/Logo-MK-Pfeffersberg-small.png\",\"contentUrl\":\"https:\/\/mkpfeffersberg.it\/wp-content\/uploads\/2024\/10\/Logo-MK-Pfeffersberg-small.png\",\"width\":400,\"height\":296,\"caption\":\"Musikkapelle Peter Mayr Pfeffersberg\"},\"image\":{\"@id\":\"https:\/\/mkpfeffersberg.it\/it\/#\/schema\/logo\/image\/\"},\"sameAs\":[\"https:\/\/www.facebook.com\/MusikkapellePeterMayrPfeffersberg\/\",\"https:\/\/www.youtube.com\/playlist?list=PLPSQzZKdN2pOJah6TlRlTmyuWMPToh-Hs\",\"https:\/\/www.instagram.com\/mkpfeffersberg\/\"]}]}<\/script>\n<!-- \/ Yoast SEO plugin. -->","yoast_head_json":{"title":"Impronta - Musikkapelle Peter Mayr Pfeffersberg","robots":{"index":"index","follow":"follow","max-snippet":"max-snippet:-1","max-image-preview":"max-image-preview:large","max-video-preview":"max-video-preview:-1"},"canonical":"https:\/\/mkpfeffersberg.it\/it\/impronta\/","og_locale":"it_IT","og_type":"article","og_title":"Impronta - Musikkapelle Peter Mayr Pfeffersberg","og_url":"https:\/\/mkpfeffersberg.it\/it\/impronta\/","og_site_name":"Musikkapelle Peter Mayr Pfeffersberg","article_publisher":"https:\/\/www.facebook.com\/MusikkapellePeterMayrPfeffersberg\/","article_modified_time":"2025-02-12T12:43:26+00:00","twitter_card":"summary_large_image","twitter_misc":{"Tempo di lettura stimato":"4 minuti"},"schema":{"@context":"https:\/\/schema.org","@graph":[{"@type":"WebPage","@id":"https:\/\/mkpfeffersberg.it\/it\/impronta\/","url":"https:\/\/mkpfeffersberg.it\/it\/impronta\/","name":"Impronta - Musikkapelle Peter Mayr Pfeffersberg","isPartOf":{"@id":"https:\/\/mkpfeffersberg.it\/it\/#website"},"datePublished":"2024-12-03T17:36:05+00:00","dateModified":"2025-02-12T12:43:26+00:00","breadcrumb":{"@id":"https:\/\/mkpfeffersberg.it\/it\/impronta\/#breadcrumb"},"inLanguage":"it-IT","potentialAction":[{"@type":"ReadAction","target":["https:\/\/mkpfeffersberg.it\/it\/impronta\/"]}]},{"@type":"BreadcrumbList","@id":"https:\/\/mkpfeffersberg.it\/it\/impronta\/#breadcrumb","itemListElement":[{"@type":"ListItem","position":1,"name":"Startseite","item":"https:\/\/mkpfeffersberg.it\/it\/banda-musicale-peter-mayr-pfeffersberg\/"},{"@type":"ListItem","position":2,"name":"Impronta"}]},{"@type":"WebSite","@id":"https:\/\/mkpfeffersberg.it\/it\/#website","url":"https:\/\/mkpfeffersberg.it\/it\/","name":"Musikkapelle Peter Mayr Pfeffersberg","description":"","publisher":{"@id":"https:\/\/mkpfeffersberg.it\/it\/#organization"},"potentialAction":[{"@type":"SearchAction","target":{"@type":"EntryPoint","urlTemplate":"https:\/\/mkpfeffersberg.it\/it\/?s={search_term_string}"},"query-input":{"@type":"PropertyValueSpecification","valueRequired":true,"valueName":"search_term_string"}}],"inLanguage":"it-IT"},{"@type":"Organization","@id":"https:\/\/mkpfeffersberg.it\/it\/#organization","name":"Musikkapelle Peter Mayr Pfeffersberg","url":"https:\/\/mkpfeffersberg.it\/it\/","logo":{"@type":"ImageObject","inLanguage":"it-IT","@id":"https:\/\/mkpfeffersberg.it\/it\/#\/schema\/logo\/image\/","url":"https:\/\/mkpfeffersberg.it\/wp-content\/uploads\/2024\/10\/Logo-MK-Pfeffersberg-small.png","contentUrl":"https:\/\/mkpfeffersberg.it\/wp-content\/uploads\/2024\/10\/Logo-MK-Pfeffersberg-small.png","width":400,"height":296,"caption":"Musikkapelle Peter Mayr Pfeffersberg"},"image":{"@id":"https:\/\/mkpfeffersberg.it\/it\/#\/schema\/logo\/image\/"},"sameAs":["https:\/\/www.facebook.com\/MusikkapellePeterMayrPfeffersberg\/","https:\/\/www.youtube.com\/playlist?list=PLPSQzZKdN2pOJah6TlRlTmyuWMPToh-Hs","https:\/\/www.instagram.com\/mkpfeffersberg\/"]}]}},"_links":{"self":[{"href":"https:\/\/mkpfeffersberg.it\/it\/wp-json\/wp\/v2\/pages\/2322","targetHints":{"allow":["GET"]}}],"collection":[{"href":"https:\/\/mkpfeffersberg.it\/it\/wp-json\/wp\/v2\/pages"}],"about":[{"href":"https:\/\/mkpfeffersberg.it\/it\/wp-json\/wp\/v2\/types\/page"}],"author":[{"embeddable":true,"href":"https:\/\/mkpfeffersberg.it\/it\/wp-json\/wp\/v2\/users\/1"}],"replies":[{"embeddable":true,"href":"https:\/\/mkpfeffersberg.it\/it\/wp-json\/wp\/v2\/comments?post=2322"}],"version-history":[{"count":0,"href":"https:\/\/mkpfeffersberg.it\/it\/wp-json\/wp\/v2\/pages\/2322\/revisions"}],"wp:attachment":[{"href":"https:\/\/mkpfeffersberg.it\/it\/wp-json\/wp\/v2\/media?parent=2322"}],"curies":[{"name":"wp","href":"https:\/\/api.w.org\/{rel}","templated":true}]}}